{"id":11,"date":"2018-05-20T22:32:11","date_gmt":"2018-05-20T20:32:11","guid":{"rendered":"http:\/\/nasze-pawlowice.pl\/?page_id=11"},"modified":"2018-05-21T18:52:55","modified_gmt":"2018-05-21T16:52:55","slug":"sekcja-strony-glownej","status":"publish","type":"page","link":"https:\/\/nasze-pawlowice.pl\/index.php\/sekcja-strony-glownej\/","title":{"rendered":"Poprzednia strona internetowa z lat 2011-2018"},"content":{"rendered":"<p>Pod <a href=\"https:\/\/nasze-pawlowice.pl\/index-old.htm\">poni\u017cszym linkiem<\/a> mo\u017cna przegl\u0105da\u0107 poprzedni\u0105 stron\u0119 internetow\u0105 stowarzyszenia &#8222;Nasze Paw\u0142owice i Ramisz\u00f3w&#8221; z lat 2011-2018. Znajduj\u0105 si\u0119 tam wybrane dokumenty i zdj\u0119cia z tego okresu.<\/p>\n","protected":false},"excerpt":{"rendered":"<p>Pod poni\u017cszym linkiem mo\u017cna przegl\u0105da\u0107 poprzedni\u0105 stron\u0119 internetow\u0105 stowarzyszenia &#8222;Nasze Paw\u0142owice i Ramisz\u00f3w&#8221; z lat 2011-2018. Znajduj\u0105 si\u0119 tam wybrane dokumenty i zdj\u0119cia z tego okresu.<\/p>\n","protected":false},"author":1,"featured_media":49,"parent":0,"menu_order":0,"comment_status":"closed","ping_status":"closed","template":"","meta":{"footnotes":""},"class_list":["post-11","page","type-page","status-publish","has-post-thumbnail","hentry"],"_links":{"self":[{"href":"https:\/\/nasze-pawlowice.pl\/index.php\/wp-json\/wp\/v2\/pages\/11","targetHints":{"allow":["GET"]}}],"collection":[{"href":"https:\/\/nasze-pawlowice.pl\/index.php\/wp-json\/wp\/v2\/pages"}],"about":[{"href":"https:\/\/nasze-pawlowice.pl\/index.php\/wp-json\/wp\/v2\/types\/page"}],"author":[{"embeddable":true,"href":"https:\/\/nasze-pawlowice.pl\/index.php\/wp-json\/wp\/v2\/users\/1"}],"replies":[{"embeddable":true,"href":"https:\/\/nasze-pawlowice.pl\/index.php\/wp-json\/wp\/v2\/comments?post=11"}],"version-history":[{"count":4,"href":"https:\/\/nasze-pawlowice.pl\/index.php\/wp-json\/wp\/v2\/pages\/11\/revisions"}],"predecessor-version":[{"id":70,"href":"https:\/\/nasze-pawlowice.pl\/index.php\/wp-json\/wp\/v2\/pages\/11\/revisions\/70"}],"wp:featuredmedia":[{"embeddable":true,"href":"https:\/\/nasze-pawlowice.pl\/index.php\/wp-json\/wp\/v2\/media\/49"}],"wp:attachment":[{"href":"https:\/\/nasze-pawlowice.pl\/index.php\/wp-json\/wp\/v2\/media?parent=11"}],"curies":[{"name":"wp","href":"https:\/\/api.w.org\/{rel}","templated":true}]}}