{"id":118,"date":"2018-06-14T15:49:15","date_gmt":"2018-06-14T13:49:15","guid":{"rendered":"http:\/\/nasze-pawlowice.pl\/?page_id=118"},"modified":"2019-05-29T19:32:27","modified_gmt":"2019-05-29T17:32:27","slug":"inne-pliki","status":"publish","type":"page","link":"https:\/\/nasze-pawlowice.pl\/index.php\/inne-pliki\/","title":{"rendered":"Inne pliki"},"content":{"rendered":"<p>Poni\u017cej inne pliki do pobrania:<\/p>\n<p>Pe\u0142nomocnictwo na Walne Zebranie Stowarzyszenia<br \/>\n<a href=\"https:\/\/nasze-pawlowice.pl\/wp-content\/uploads\/2019\/05\/Pe\u0142nomocnictwo-na-Walne-Zebranie-2019.docx\">Pe\u0142nomocnictwo na Walne Zebranie 2019<\/a><\/p>\n<p>Skan pisma otrzymanego od Departamentu Edukacji Urz\u0119du Miejskiego Wroc\u0142awia ws. rozbudowy starego budynku SP39 we Wroc\u0142awiu-Paw\u0142owicach<br \/>\n<a href=\"https:\/\/nasze-pawlowice.pl\/wp-content\/uploads\/2018\/06\/NPiR_20180614_0001.pdf\">NPiR_20180614_0001<\/a><\/p>\n","protected":false},"excerpt":{"rendered":"<p>Poni\u017cej inne pliki do pobrania: Pe\u0142nomocnictwo na Walne Zebranie Stowarzyszenia Pe\u0142nomocnictwo na Walne Zebranie 2019 Skan pisma otrzymanego od Departamentu Edukacji Urz\u0119du Miejskiego Wroc\u0142awia ws. rozbudowy starego budynku SP39 we Wroc\u0142awiu-Paw\u0142owicach NPiR_20180614_0001<\/p>\n","protected":false},"author":1,"featured_media":0,"parent":0,"menu_order":0,"comment_status":"closed","ping_status":"closed","template":"","meta":{"footnotes":""},"class_list":["post-118","page","type-page","status-publish","hentry"],"_links":{"self":[{"href":"https:\/\/nasze-pawlowice.pl\/index.php\/wp-json\/wp\/v2\/pages\/118","targetHints":{"allow":["GET"]}}],"collection":[{"href":"https:\/\/nasze-pawlowice.pl\/index.php\/wp-json\/wp\/v2\/pages"}],"about":[{"href":"https:\/\/nasze-pawlowice.pl\/index.php\/wp-json\/wp\/v2\/types\/page"}],"author":[{"embeddable":true,"href":"https:\/\/nasze-pawlowice.pl\/index.php\/wp-json\/wp\/v2\/users\/1"}],"replies":[{"embeddable":true,"href":"https:\/\/nasze-pawlowice.pl\/index.php\/wp-json\/wp\/v2\/comments?post=118"}],"version-history":[{"count":3,"href":"https:\/\/nasze-pawlowice.pl\/index.php\/wp-json\/wp\/v2\/pages\/118\/revisions"}],"predecessor-version":[{"id":146,"href":"https:\/\/nasze-pawlowice.pl\/index.php\/wp-json\/wp\/v2\/pages\/118\/revisions\/146"}],"wp:attachment":[{"href":"https:\/\/nasze-pawlowice.pl\/index.php\/wp-json\/wp\/v2\/media?parent=118"}],"curies":[{"name":"wp","href":"https:\/\/api.w.org\/{rel}","templated":true}]}}