{"id":155,"date":"2019-10-28T19:58:27","date_gmt":"2019-10-28T18:58:27","guid":{"rendered":"http:\/\/nasze-pawlowice.pl\/?page_id=155"},"modified":"2019-10-28T21:42:11","modified_gmt":"2019-10-28T20:42:11","slug":"konferencja-historia-wroclawskich-osiedli-24-25-10-2019","status":"publish","type":"page","link":"https:\/\/nasze-pawlowice.pl\/index.php\/filmy\/konferencja-historia-wroclawskich-osiedli-24-25-10-2019\/","title":{"rendered":"Konferencja &#8222;Historia wroc\u0142awskich osiedli&#8221; 24-25.10.2019"},"content":{"rendered":"<p>Poni\u017cej znajduj\u0105 si\u0119 wybrane wyk\u0142ady konferencji <strong>&#8222;Historia wroc\u0142awskich osiedli&#8221;<\/strong>, kt\u00f3ra mia\u0142a miejsce we wroc\u0142awskim ratuszu w dniach 24-25.10.2019.<\/p>\n<p><span style=\"display: inline !important; float: none; background-color: #ffffff; color: #333333; font-family: 'Libre Franklin','Helvetica Neue',helvetica,arial,sans-serif; font-size: 16px; font-style: normal; font-variant: normal; font-weight: 400; letter-spacing: normal; orphans: 2; text-align: left; text-decoration: none; text-indent: 0px; text-transform: none; -webkit-text-stroke-width: 0px; white-space: normal; word-spacing: 0px;\">Maciej Oziemb\u0142owski przeprowadzi\u0142 wyk\u0142ad pt. <\/span><strong>\u201eZarys historii i wsp\u00f3\u0142czesno\u015b\u0107 wroc\u0142awskich Paw\u0142owic\u201d<\/strong><span style=\"display: inline !important; float: none; background-color: #ffffff; color: #333333; font-family: 'Libre Franklin','Helvetica Neue',helvetica,arial,sans-serif; font-size: 16px; font-style: normal; font-variant: normal; font-weight: 400; letter-spacing: normal; orphans: 2; text-align: left; text-decoration: none; text-indent: 0px; text-transform: none; -webkit-text-stroke-width: 0px; white-space: normal; word-spacing: 0px;\">.<\/span><\/p>\n<p><iframe loading=\"lazy\" src=\"https:\/\/www.youtube.com\/embed\/4I6M7XrQEgg\" width=\"560\" height=\"315\" frameborder=\"0\" allowfullscreen=\"allowfullscreen\"><\/iframe><\/p>\n<p><span style=\"display: inline !important; float: none; background-color: #ffffff; color: #333333; font-family: 'Libre Franklin','Helvetica Neue',helvetica,arial,sans-serif; font-size: 16px; font-style: normal; font-variant: normal; font-weight: 400; letter-spacing: normal; orphans: 2; text-align: left; text-decoration: none; text-indent: 0px; text-transform: none; -webkit-text-stroke-width: 0px; white-space: normal; word-spacing: 0px;\">Wyst\u0105pienie pt. <\/span><strong>\u201eSkarb monet rzymskich z Borka \u2013 rzeczywisto\u015b\u0107 czy fikcja?\u201d<\/strong><span style=\"display: inline !important; float: none; background-color: #ffffff; color: #333333; font-family: 'Libre Franklin','Helvetica Neue',helvetica,arial,sans-serif; font-size: 16px; font-style: normal; font-variant: normal; font-weight: 400; letter-spacing: normal; orphans: 2; text-align: left; text-decoration: none; text-indent: 0px; text-transform: none; -webkit-text-stroke-width: 0px; white-space: normal; word-spacing: 0px;\"> przedstawi\u0142 Krzysztof Demidziuk z Muzeum Archeologicznego we Wroc\u0142awiu.<\/span><\/p>\n<p><iframe loading=\"lazy\" src=\"https:\/\/www.youtube.com\/embed\/51nhyv7AEXQ\" width=\"560\" height=\"315\" frameborder=\"0\" allowfullscreen=\"allowfullscreen\"><\/iframe><\/p>\n<p><span style=\"display: inline !important; float: none; background-color: #ffffff; color: #333333; cursor: text; font-family: 'Libre Franklin','Helvetica Neue',helvetica,arial,sans-serif; font-size: 16px; font-style: normal; font-variant: normal; font-weight: 400; letter-spacing: normal; orphans: 2; text-align: left; text-decoration: none; text-indent: 0px; text-transform: none; -webkit-text-stroke-width: 0px; white-space: normal; word-spacing: 0px;\">Mateusz Magda wyg\u0142osi\u0142 wyk\u0142ad pt. <\/span><strong>&#8222;Od wsi k\u0142\u00f3tnik\u00f3w do spokojnego s\u0105siedztwa &#8211; wroc\u0142awskie Krzyki na przestrzeni wiek\u00f3w&#8221;<\/strong><span style=\"display: inline !important; float: none; background-color: #ffffff; color: #333333; cursor: text; font-family: 'Libre Franklin','Helvetica Neue',helvetica,arial,sans-serif; font-size: 16px; font-style: normal; font-variant: normal; font-weight: 400; letter-spacing: normal; orphans: 2; text-align: left; text-decoration: none; text-indent: 0px; text-transform: none; -webkit-text-stroke-width: 0px; white-space: normal; word-spacing: 0px;\">.<\/span><\/p>\n<p><iframe loading=\"lazy\" src=\"https:\/\/www.youtube.com\/embed\/Nvwcf6GCS6I\" width=\"560\" height=\"315\" frameborder=\"0\" allowfullscreen=\"allowfullscreen\"><\/iframe><\/p>\n","protected":false},"excerpt":{"rendered":"<p>Poni\u017cej znajduj\u0105 si\u0119 wybrane wyk\u0142ady konferencji &#8222;Historia wroc\u0142awskich osiedli&#8221;, kt\u00f3ra mia\u0142a miejsce we wroc\u0142awskim ratuszu w dniach 24-25.10.2019. Maciej Oziemb\u0142owski przeprowadzi\u0142 wyk\u0142ad pt. \u201eZarys historii i wsp\u00f3\u0142czesno\u015b\u0107 wroc\u0142awskich Paw\u0142owic\u201d. Wyst\u0105pienie pt. \u201eSkarb monet rzymskich z Borka \u2013 rzeczywisto\u015b\u0107 czy fikcja?\u201d przedstawi\u0142 Krzysztof Demidziuk z Muzeum Archeologicznego we Wroc\u0142awiu. Mateusz Magda wyg\u0142osi\u0142 wyk\u0142ad pt. &#8222;Od wsi &hellip; <\/p>\n<p class=\"link-more\"><a href=\"https:\/\/nasze-pawlowice.pl\/index.php\/filmy\/konferencja-historia-wroclawskich-osiedli-24-25-10-2019\/\" class=\"more-link\">Czytaj dalej<span class=\"screen-reader-text\"> \u201eKonferencja &#8222;Historia wroc\u0142awskich osiedli&#8221; 24-25.10.2019\u201d<\/span><\/a><\/p>\n","protected":false},"author":1,"featured_media":0,"parent":152,"menu_order":0,"comment_status":"closed","ping_status":"closed","template":"","meta":{"footnotes":""},"class_list":["post-155","page","type-page","status-publish","hentry"],"_links":{"self":[{"href":"https:\/\/nasze-pawlowice.pl\/index.php\/wp-json\/wp\/v2\/pages\/155","targetHints":{"allow":["GET"]}}],"collection":[{"href":"https:\/\/nasze-pawlowice.pl\/index.php\/wp-json\/wp\/v2\/pages"}],"about":[{"href":"https:\/\/nasze-pawlowice.pl\/index.php\/wp-json\/wp\/v2\/types\/page"}],"author":[{"embeddable":true,"href":"https:\/\/nasze-pawlowice.pl\/index.php\/wp-json\/wp\/v2\/users\/1"}],"replies":[{"embeddable":true,"href":"https:\/\/nasze-pawlowice.pl\/index.php\/wp-json\/wp\/v2\/comments?post=155"}],"version-history":[{"count":2,"href":"https:\/\/nasze-pawlowice.pl\/index.php\/wp-json\/wp\/v2\/pages\/155\/revisions"}],"predecessor-version":[{"id":163,"href":"https:\/\/nasze-pawlowice.pl\/index.php\/wp-json\/wp\/v2\/pages\/155\/revisions\/163"}],"up":[{"embeddable":true,"href":"https:\/\/nasze-pawlowice.pl\/index.php\/wp-json\/wp\/v2\/pages\/152"}],"wp:attachment":[{"href":"https:\/\/nasze-pawlowice.pl\/index.php\/wp-json\/wp\/v2\/media?parent=155"}],"curies":[{"name":"wp","href":"https:\/\/api.w.org\/{rel}","templated":true}]}}