{"id":220,"date":"2021-05-20T12:41:07","date_gmt":"2021-05-20T10:41:07","guid":{"rendered":"http:\/\/nasze-pawlowice.pl\/?page_id=220"},"modified":"2021-06-01T23:44:44","modified_gmt":"2021-06-01T21:44:44","slug":"spalarnia-smieci","status":"publish","type":"page","link":"https:\/\/nasze-pawlowice.pl\/index.php\/spalarnia-smieci\/","title":{"rendered":"Spalarnia \u015bmieci"},"content":{"rendered":"<p>W miejscu tym podajemy wybrane najwa\u017cniejsze informacje zwi\u0105zane z planowan\u0105 budow\u0105 <strong>ogromnej spalarni \u015bmieci<\/strong> tu\u017c przy p\u00f3\u0142nocnej granicy Wroc\u0142awia.<\/p>\n<p><strong>Bie\u017c\u0105ce informacje zwi\u0105zane z t\u0105 spraw\u0105 podawane s\u0105 w formie wpis\u00f3w na stronie g\u0142\u00f3wnej.<\/strong><\/p>\n<p>Na liczne pytania o dobrowolne darowizny na rzecz walki ze spalarni\u0105 \u015bmieci informujemy, \u017ce w chwili obecnej nasze stowarzyszenie jako Organizacja Po\u017cytku Publicznego mo\u017ce takie wp\u0142aty przyjmowa\u0107 na konto:<\/p>\n<p><strong>Nasze Paw\u0142owice i Ramisz\u00f3w, 31 1240 6768 1111 0010 3650 2344 z dopiskiem &#8222;na cele statutowe&#8221;<\/strong>\u00a0lub &#8222;przeciw spalarni&#8221;. Wp\u0142aty takie osoba wp\u0142acaj\u0105ca mo\u017ce uwzgl\u0119dni\u0107 w swoim rocznym zeznaniu podatkowym.<\/p>\n<p>Wszystkie wp\u0142aty i wydatki (tak jak od kilku lat dla paw\u0142owickiej szko\u0142y w ramach wp\u0142at 1%) rozliczamy publicznie raz do roku w sprawozdaniu przeznaczonym dla organizacji po\u017cytku publicznego.<\/p>\n<p>Protest przeciwko spalarni mo\u017cna podpisa\u0107 on-line lub papierowo.<\/p>\n<p><strong>Link do protestu przeciwko budowie spalarni \u015bmieci<\/strong> jest mo\u017cliwy do podpisania jako petycja<strong> on-line: <\/strong><strong style=\"font-size: 1.5rem;\"><a href=\"https:\/\/www.petycjeonline.com\/stop-spalarni-wroclaw-dlugoleka-wisznia\">https:\/\/www.petycjeonline.com\/stop-spalarni-wroclaw-dlugoleka-wisznia<\/a><\/strong><\/p>\n<p><strong>Klasyczna papierowa forma protestu<\/strong> jako petycja do prezydenta Wroc\u0142awia Jacka Sutryka jest do pobrania, wydrukowania i podpisania\u00a0 tutaj: <strong><a href=\"https:\/\/nasze-pawlowice.pl\/wp-content\/uploads\/2021\/05\/sprzeciw-pawlowice.pdf\">sprzeciw-pawlowice <\/a><\/strong>(prosz\u0119 nie numerowa\u0107 podpis\u00f3w LP)<\/p>\n<p>Papierowe\u00a0listy z podpisami mo\u017cna dostarcza\u0107 do stowarzyszenia (ul. Forsycjowa 10, Wroc\u0142aw, do skrzynki pocztowej) lub do siedziby Rady Osiedla (ul. Paw\u0142owicka 78, Wroc\u0142aw, w godzinach 18:00-19:00).<\/p>\n<h1><strong>Co pisz\u0105 i m\u00f3wi\u0105 media o wroc\u0142awskiej spalarni \u015bmieci<\/strong> mo\u017cna znale\u017a\u0107 na naszej podstronie: <strong><a href=\"https:\/\/nasze-pawlowice.pl\/index.php\/spalarnia-smieci\/media-o-wroclawskiej-spalarni-smieci\/\">media o spalarni \u015bmieci<\/a><\/strong><\/h1>\n<p>&nbsp;<\/p>\n<p>&nbsp;<\/p>\n<p>&nbsp;<\/p>\n","protected":false},"excerpt":{"rendered":"<p>W miejscu tym podajemy wybrane najwa\u017cniejsze informacje zwi\u0105zane z planowan\u0105 budow\u0105 ogromnej spalarni \u015bmieci tu\u017c przy p\u00f3\u0142nocnej granicy Wroc\u0142awia. Bie\u017c\u0105ce informacje zwi\u0105zane z t\u0105 spraw\u0105 podawane s\u0105 w formie wpis\u00f3w na stronie g\u0142\u00f3wnej. Na liczne pytania o dobrowolne darowizny na rzecz walki ze spalarni\u0105 \u015bmieci informujemy, \u017ce w chwili obecnej nasze stowarzyszenie jako Organizacja Po\u017cytku &hellip; <\/p>\n<p class=\"link-more\"><a href=\"https:\/\/nasze-pawlowice.pl\/index.php\/spalarnia-smieci\/\" class=\"more-link\">Czytaj dalej<span class=\"screen-reader-text\"> \u201eSpalarnia \u015bmieci\u201d<\/span><\/a><\/p>\n","protected":false},"author":1,"featured_media":232,"parent":0,"menu_order":0,"comment_status":"closed","ping_status":"closed","template":"","meta":{"footnotes":""},"class_list":["post-220","page","type-page","status-publish","has-post-thumbnail","hentry"],"_links":{"self":[{"href":"https:\/\/nasze-pawlowice.pl\/index.php\/wp-json\/wp\/v2\/pages\/220","targetHints":{"allow":["GET"]}}],"collection":[{"href":"https:\/\/nasze-pawlowice.pl\/index.php\/wp-json\/wp\/v2\/pages"}],"about":[{"href":"https:\/\/nasze-pawlowice.pl\/index.php\/wp-json\/wp\/v2\/types\/page"}],"author":[{"embeddable":true,"href":"https:\/\/nasze-pawlowice.pl\/index.php\/wp-json\/wp\/v2\/users\/1"}],"replies":[{"embeddable":true,"href":"https:\/\/nasze-pawlowice.pl\/index.php\/wp-json\/wp\/v2\/comments?post=220"}],"version-history":[{"count":6,"href":"https:\/\/nasze-pawlowice.pl\/index.php\/wp-json\/wp\/v2\/pages\/220\/revisions"}],"predecessor-version":[{"id":300,"href":"https:\/\/nasze-pawlowice.pl\/index.php\/wp-json\/wp\/v2\/pages\/220\/revisions\/300"}],"wp:featuredmedia":[{"embeddable":true,"href":"https:\/\/nasze-pawlowice.pl\/index.php\/wp-json\/wp\/v2\/media\/232"}],"wp:attachment":[{"href":"https:\/\/nasze-pawlowice.pl\/index.php\/wp-json\/wp\/v2\/media?parent=220"}],"curies":[{"name":"wp","href":"https:\/\/api.w.org\/{rel}","templated":true}]}}