{"id":61,"date":"2018-05-21T18:42:48","date_gmt":"2018-05-21T16:42:48","guid":{"rendered":"http:\/\/nasze-pawlowice.pl\/?page_id=61"},"modified":"2025-12-22T13:00:55","modified_gmt":"2025-12-22T12:00:55","slug":"dokumenty-opp","status":"publish","type":"page","link":"https:\/\/nasze-pawlowice.pl\/index.php\/dokumenty-opp\/","title":{"rendered":"Dokumenty OPP"},"content":{"rendered":"<p>Stowarzyszenie &#8222;Nasze Paw\u0142owice i Ramisz\u00f3w&#8221; od 2016 roku ma status Organizacji Po\u017cytku Publicznego (OPP). Poni\u017cej znajduj\u0105 si\u0119 linki do okre\u015blonych dokument\u00f3w zwi\u0105zanych z OPP, kt\u00f3rych pe\u0142n\u0105 tre\u015b\u0107 mo\u017cna znale\u017a\u0107 na stronie <a href=\"https:\/\/niw.gov.pl\/\">Narodowego Instytutu Wolno\u015bci<\/a><\/p>\n<p>Wprowadzenie do sprawozdania finansowego za rok <a href=\"https:\/\/nasze-pawlowice.pl\/wp-content\/uploads\/2025\/12\/Wprowadzenie-do-sprawozdania-finansowego_2024.pdf\">2024<\/a><br \/>\nSprawozdanie merytoryczne za rok <a href=\"https:\/\/nasze-pawlowice.pl\/wp-content\/uploads\/2025\/12\/Sprawozdanie-merytoryczne_2024.pdf\">2024<\/a><\/p>\n<p>Wprowadzenie do sprawozdania finansowego za rok <a href=\"https:\/\/nasze-pawlowice.pl\/wp-content\/uploads\/2025\/12\/Wprowadzenie-do-sprawozdania-finansowego_2023.pdf\">2023<\/a><br \/>\nSprawozdanie merytoryczne za rok <a href=\"https:\/\/nasze-pawlowice.pl\/wp-content\/uploads\/2025\/12\/Sprawozdanie-merytoryczne_2023.pdf\">2023<\/a><\/p>\n<p>Wprowadzenie do sprawozdania finansowego za rok <a href=\"https:\/\/nasze-pawlowice.pl\/wp-content\/uploads\/2025\/12\/Wprowadzenie-do-sprawozdania-finansowego_2022.pdf\">2022<\/a><br \/>\nSprawozdanie merytoryczne za rok <a href=\"https:\/\/nasze-pawlowice.pl\/wp-content\/uploads\/2025\/12\/Sprawozdanie-merytoryczne_2022.pdf\">2022<\/a><\/p>\n<p>Wprowadzenie do sprawozdania finansowego za rok <a href=\"https:\/\/nasze-pawlowice.pl\/wp-content\/uploads\/2025\/12\/Wprowadzenie-do-sprawozdania-finansowego_2021.pdf\">2021<\/a><br \/>\nSprawozdanie merytoryczne za rok <a href=\"https:\/\/nasze-pawlowice.pl\/wp-content\/uploads\/2025\/12\/Sprawozdanie-merytoryczne_2021.pdf\">2021<\/a><\/p>\n<p><a href=\"https:\/\/nasze-pawlowice.pl\/wp-content\/uploads\/2018\/07\/Sprawozdanie-merytoryczne-za-2017.pdf\">Sprawozdanie merytoryczne za 2017<\/a><br \/>\n<a href=\"https:\/\/nasze-pawlowice.pl\/wp-content\/uploads\/2018\/07\/Sprawozdanie-finansowe-za-2017.pdf\">Sprawozdanie finansowe za 2017<\/a><\/p>\n<p><a href=\"https:\/\/nasze-pawlowice.pl\/wp-content\/uploads\/2018\/05\/Sprawozdanie_merytoryczne_zarzadu_za_2016_Nasze_Pawlowice_i_Ramiszow.pdf\">Sprawozdanie_merytoryczne_zarzadu_za_2016_Nasze_Pawlowice_i_Ramiszow<\/a><br \/>\n<a href=\"https:\/\/nasze-pawlowice.pl\/wp-content\/uploads\/2018\/05\/Sprawozdanie_finansowe_OPP_za_2016_Nasze_Pawlowice_i_Ramiszow.pdf\">Sprawozdanie_finansowe_OPP_za_2016_Nasze_Pawlowice_i_Ramiszow<\/a><\/p>\n<p>&nbsp;<\/p>\n","protected":false},"excerpt":{"rendered":"<p>Stowarzyszenie &#8222;Nasze Paw\u0142owice i Ramisz\u00f3w&#8221; od 2016 roku ma status Organizacji Po\u017cytku Publicznego (OPP). Poni\u017cej znajduj\u0105 si\u0119 linki do okre\u015blonych dokument\u00f3w zwi\u0105zanych z OPP, kt\u00f3rych pe\u0142n\u0105 tre\u015b\u0107 mo\u017cna znale\u017a\u0107 na stronie Narodowego Instytutu Wolno\u015bci Wprowadzenie do sprawozdania finansowego za rok 2024 Sprawozdanie merytoryczne za rok 2024 Wprowadzenie do sprawozdania finansowego za rok 2023 Sprawozdanie merytoryczne &hellip; <\/p>\n<p class=\"link-more\"><a href=\"https:\/\/nasze-pawlowice.pl\/index.php\/dokumenty-opp\/\" class=\"more-link\">Czytaj dalej<span class=\"screen-reader-text\"> \u201eDokumenty OPP\u201d<\/span><\/a><\/p>\n","protected":false},"author":1,"featured_media":0,"parent":0,"menu_order":0,"comment_status":"closed","ping_status":"closed","template":"","meta":{"footnotes":""},"class_list":["post-61","page","type-page","status-publish","hentry"],"_links":{"self":[{"href":"https:\/\/nasze-pawlowice.pl\/index.php\/wp-json\/wp\/v2\/pages\/61","targetHints":{"allow":["GET"]}}],"collection":[{"href":"https:\/\/nasze-pawlowice.pl\/index.php\/wp-json\/wp\/v2\/pages"}],"about":[{"href":"https:\/\/nasze-pawlowice.pl\/index.php\/wp-json\/wp\/v2\/types\/page"}],"author":[{"embeddable":true,"href":"https:\/\/nasze-pawlowice.pl\/index.php\/wp-json\/wp\/v2\/users\/1"}],"replies":[{"embeddable":true,"href":"https:\/\/nasze-pawlowice.pl\/index.php\/wp-json\/wp\/v2\/comments?post=61"}],"version-history":[{"count":12,"href":"https:\/\/nasze-pawlowice.pl\/index.php\/wp-json\/wp\/v2\/pages\/61\/revisions"}],"predecessor-version":[{"id":368,"href":"https:\/\/nasze-pawlowice.pl\/index.php\/wp-json\/wp\/v2\/pages\/61\/revisions\/368"}],"wp:attachment":[{"href":"https:\/\/nasze-pawlowice.pl\/index.php\/wp-json\/wp\/v2\/media?parent=61"}],"curies":[{"name":"wp","href":"https:\/\/api.w.org\/{rel}","templated":true}]}}