{"id":9,"date":"2018-05-20T22:32:11","date_gmt":"2018-05-20T20:32:11","guid":{"rendered":"http:\/\/nasze-pawlowice.pl\/?page_id=9"},"modified":"2018-05-22T10:50:17","modified_gmt":"2018-05-22T08:50:17","slug":"kontakt","status":"publish","type":"page","link":"https:\/\/nasze-pawlowice.pl\/index.php\/kontakt\/","title":{"rendered":"Kontakt"},"content":{"rendered":"<p><strong>Nasze Paw\u0142owice i Ramisz\u00f3w<\/strong><br \/>\nul. Forsycjowa 10<br \/>\n51-253 Wroc\u0142aw<br \/>\ne-mail: biuro@nasze-pawlowice.pl<\/p>\n<p>NIP 895-198-04-85<br \/>\nREGON 021349692<br \/>\nKRS 0000358161<br \/>\nkonto bankowe (PeKaO): 31 1240 6768 1111 0010 3650 2344<\/p>\n","protected":false},"excerpt":{"rendered":"<p>Nasze Paw\u0142owice i Ramisz\u00f3w ul. Forsycjowa 10 51-253 Wroc\u0142aw e-mail: biuro@nasze-pawlowice.pl NIP 895-198-04-85 REGON 021349692 KRS 0000358161 konto bankowe (PeKaO): 31 1240 6768 1111 0010 3650 2344<\/p>\n","protected":false},"author":1,"featured_media":0,"parent":0,"menu_order":0,"comment_status":"closed","ping_status":"closed","template":"","meta":{"footnotes":""},"class_list":["post-9","page","type-page","status-publish","hentry"],"_links":{"self":[{"href":"https:\/\/nasze-pawlowice.pl\/index.php\/wp-json\/wp\/v2\/pages\/9","targetHints":{"allow":["GET"]}}],"collection":[{"href":"https:\/\/nasze-pawlowice.pl\/index.php\/wp-json\/wp\/v2\/pages"}],"about":[{"href":"https:\/\/nasze-pawlowice.pl\/index.php\/wp-json\/wp\/v2\/types\/page"}],"author":[{"embeddable":true,"href":"https:\/\/nasze-pawlowice.pl\/index.php\/wp-json\/wp\/v2\/users\/1"}],"replies":[{"embeddable":true,"href":"https:\/\/nasze-pawlowice.pl\/index.php\/wp-json\/wp\/v2\/comments?post=9"}],"version-history":[{"count":4,"href":"https:\/\/nasze-pawlowice.pl\/index.php\/wp-json\/wp\/v2\/pages\/9\/revisions"}],"predecessor-version":[{"id":87,"href":"https:\/\/nasze-pawlowice.pl\/index.php\/wp-json\/wp\/v2\/pages\/9\/revisions\/87"}],"wp:attachment":[{"href":"https:\/\/nasze-pawlowice.pl\/index.php\/wp-json\/wp\/v2\/media?parent=9"}],"curies":[{"name":"wp","href":"https:\/\/api.w.org\/{rel}","templated":true}]}}